{"id":161,"date":"2021-08-24T20:29:26","date_gmt":"2021-08-25T02:29:26","guid":{"rendered":"https:\/\/disrupgreen.com\/?page_id=161"},"modified":"2022-02-03T11:56:32","modified_gmt":"2022-02-03T17:56:32","slug":"sobre-disrup","status":"publish","type":"page","link":"https:\/\/disrupgreen.com\/en\/sobre-disrup\/","title":{"rendered":"About Disrup"},"content":{"rendered":"<div data-elementor-type=\"wp-page\" data-elementor-id=\"161\" class=\"elementor elementor-161\" data-elementor-settings=\"[]\">\n\t\t\t\t\t\t\t<div class=\"elementor-section-wrap\">\n\t\t\t\t\t\t\t<section class=\"elementor-section elementor-top-section elementor-element elementor-element-ae227f9 elementor-section-boxed elementor-section-height-default elementor-section-height-default\" data-id=\"ae227f9\" data-element_type=\"section\">\n\t\t\t\t\t\t<div class=\"elementor-container elementor-column-gap-default\">\n\t\t\t\t\t<div class=\"elementor-column elementor-col-100 elementor-top-column elementor-element elementor-element-f44757e\" data-id=\"f44757e\" data-element_type=\"column\">\n\t\t\t<div class=\"elementor-widget-wrap elementor-element-populated\">\n\t\t\t\t\t\t\t\t<div class=\"elementor-element elementor-element-9c72078 elementor-widget elementor-widget-heading\" data-id=\"9c72078\" data-element_type=\"widget\" data-widget_type=\"heading.default\">\n\t\t\t\t<div class=\"elementor-widget-container\">\n\t\t\t<h2 class=\"elementor-heading-title elementor-size-default\">About DisRup<\/h2>\t\t<\/div>\n\t\t\t\t<\/div>\n\t\t\t\t<div class=\"elementor-element elementor-element-430c631 elementor-widget-divider--view-line elementor-widget elementor-widget-divider\" data-id=\"430c631\" data-element_type=\"widget\" data-widget_type=\"divider.default\">\n\t\t\t\t<div class=\"elementor-widget-container\">\n\t\t\t\t\t<div class=\"elementor-divider\">\n\t\t\t<span class=\"elementor-divider-separator\">\n\t\t\t\t\t\t<\/span>\n\t\t<\/div>\n\t\t\t\t<\/div>\n\t\t\t\t<\/div>\n\t\t\t\t\t<\/div>\n\t\t<\/div>\n\t\t\t\t\t\t\t<\/div>\n\t\t<\/section>\n\t\t\t\t<section class=\"elementor-section elementor-top-section elementor-element elementor-element-f5c1ab9 elementor-section-full_width elementor-section-height-default elementor-section-height-default\" data-id=\"f5c1ab9\" data-element_type=\"section\">\n\t\t\t\t\t\t<div class=\"elementor-container elementor-column-gap-default\">\n\t\t\t\t\t<div class=\"elementor-column elementor-col-50 elementor-top-column elementor-element elementor-element-1bbb4fe\" data-id=\"1bbb4fe\" data-element_type=\"column\">\n\t\t\t<div class=\"elementor-widget-wrap elementor-element-populated\">\n\t\t\t\t\t\t\t\t<div class=\"elementor-element elementor-element-3aa92a0 elementor-widget elementor-widget-image\" data-id=\"3aa92a0\" data-element_type=\"widget\" data-widget_type=\"image.default\">\n\t\t\t\t<div class=\"elementor-widget-container\">\n\t\t\t\t\t\t\t\t\t\t\t\t\t\t\t\t<a href=\"https:\/\/www.disrup-dubai.com\/\" target=\"_blank\">\n\t\t\t\t\t\t\t<img decoding=\"async\" width=\"278\" height=\"74\" src=\"https:\/\/disrupgreen.com\/wp-content\/uploads\/2021\/10\/1_0003_Capa-1.png\" class=\"attachment-full size-full\" alt=\"\" loading=\"lazy\" srcset=\"https:\/\/disrupgreen.com\/wp-content\/uploads\/2021\/10\/1_0003_Capa-1.png 278w, https:\/\/disrupgreen.com\/wp-content\/uploads\/2021\/10\/1_0003_Capa-1-18x5.png 18w\" sizes=\"(max-width: 278px) 100vw, 278px\" \/>\t\t\t\t\t\t\t\t<\/a>\n\t\t\t\t\t\t\t\t\t\t\t\t\t\t\t<\/div>\n\t\t\t\t<\/div>\n\t\t\t\t<div class=\"elementor-element elementor-element-95b1e19 elementor-widget elementor-widget-image\" data-id=\"95b1e19\" data-element_type=\"widget\" data-widget_type=\"image.default\">\n\t\t\t\t<div class=\"elementor-widget-container\">\n\t\t\t\t\t\t\t\t\t\t\t\t\t\t\t\t<a href=\"https:\/\/disrup.inmo.co\/\" target=\"_blank\">\n\t\t\t\t\t\t\t<img decoding=\"async\" width=\"280\" height=\"103\" src=\"https:\/\/disrupgreen.com\/wp-content\/uploads\/2021\/10\/1_0001_2.png\" class=\"attachment-full size-full\" alt=\"\" loading=\"lazy\" srcset=\"https:\/\/disrupgreen.com\/wp-content\/uploads\/2021\/10\/1_0001_2.png 280w, https:\/\/disrupgreen.com\/wp-content\/uploads\/2021\/10\/1_0001_2-18x7.png 18w\" sizes=\"(max-width: 280px) 100vw, 280px\" \/>\t\t\t\t\t\t\t\t<\/a>\n\t\t\t\t\t\t\t\t\t\t\t\t\t\t\t<\/div>\n\t\t\t\t<\/div>\n\t\t\t\t<div class=\"elementor-element elementor-element-e490ff5 elementor-widget elementor-widget-image\" data-id=\"e490ff5\" data-element_type=\"widget\" data-widget_type=\"image.default\">\n\t\t\t\t<div class=\"elementor-widget-container\">\n\t\t\t\t\t\t\t\t\t\t\t\t\t\t\t<img decoding=\"async\" width=\"279\" height=\"117\" src=\"https:\/\/disrupgreen.com\/wp-content\/uploads\/2021\/10\/1_0000_3.png\" class=\"attachment-full size-full\" alt=\"\" loading=\"lazy\" srcset=\"https:\/\/disrupgreen.com\/wp-content\/uploads\/2021\/10\/1_0000_3.png 279w, https:\/\/disrupgreen.com\/wp-content\/uploads\/2021\/10\/1_0000_3-18x8.png 18w\" sizes=\"(max-width: 279px) 100vw, 279px\" \/>\t\t\t\t\t\t\t\t\t\t\t\t\t\t\t<\/div>\n\t\t\t\t<\/div>\n\t\t\t\t<div class=\"elementor-element elementor-element-d5b4a1f elementor-widget elementor-widget-image\" data-id=\"d5b4a1f\" data-element_type=\"widget\" data-widget_type=\"image.default\">\n\t\t\t\t<div class=\"elementor-widget-container\">\n\t\t\t\t\t\t\t\t\t\t\t\t\t\t\t\t<a href=\"https:\/\/www.disrup-dubai.com\/\" target=\"_blank\">\n\t\t\t\t\t\t\t<img decoding=\"async\" width=\"273\" height=\"76\" src=\"https:\/\/disrupgreen.com\/wp-content\/uploads\/2021\/10\/1_0002_4.png\" class=\"attachment-full size-full\" alt=\"\" loading=\"lazy\" srcset=\"https:\/\/disrupgreen.com\/wp-content\/uploads\/2021\/10\/1_0002_4.png 273w, https:\/\/disrupgreen.com\/wp-content\/uploads\/2021\/10\/1_0002_4-18x5.png 18w\" sizes=\"(max-width: 273px) 100vw, 273px\" \/>\t\t\t\t\t\t\t\t<\/a>\n\t\t\t\t\t\t\t\t\t\t\t\t\t\t\t<\/div>\n\t\t\t\t<\/div>\n\t\t\t\t\t<\/div>\n\t\t<\/div>\n\t\t\t\t<div class=\"elementor-column elementor-col-50 elementor-top-column elementor-element elementor-element-e2d66e1\" data-id=\"e2d66e1\" data-element_type=\"column\">\n\t\t\t<div class=\"elementor-widget-wrap elementor-element-populated\">\n\t\t\t\t\t\t\t\t<div class=\"elementor-element elementor-element-a3c0642 elementor-widget elementor-widget-heading\" data-id=\"a3c0642\" data-element_type=\"widget\" data-widget_type=\"heading.default\">\n\t\t\t\t<div class=\"elementor-widget-container\">\n\t\t\t<h2 class=\"elementor-heading-title elementor-size-default\">WHO ARE WE?<\/h2>\t\t<\/div>\n\t\t\t\t<\/div>\n\t\t\t\t<div class=\"elementor-element elementor-element-42353d6 elementor-widget elementor-widget-text-editor\" data-id=\"42353d6\" data-element_type=\"widget\" data-widget_type=\"text-editor.default\">\n\t\t\t\t<div class=\"elementor-widget-container\">\n\t\t\t\t\t\t\t<p>DisRup is a company that sells 100% organic, flexible packaging, substitutes for plastic. We are located in Costa Rica, have export capacity to multiple regions, and provide expert advice in English and Spanish to purchase organic, flexible packaging. DisRup is in the process of obtaining its international ISO 14001:2015 certification and complies with the Best Business Practices and comprehensive customer care.<\/p><p>Through assorted products and techniques used in DisRup, we offer our customers a serious, reliable, and structured alternative to be able to use prospecting tools and approach prospects more agile than the usual market. This shortens the business cycle of a business for its completion to sale or the production of higher profitability.<\/p><p>At DisRup, we focus on delivering comprehensive solutions to our customers, generating a safe and reliable space to achieve their goals.<\/p>\t\t\t\t\t\t<\/div>\n\t\t\t\t<\/div>\n\t\t\t\t\t<\/div>\n\t\t<\/div>\n\t\t\t\t\t\t\t<\/div>\n\t\t<\/section>\n\t\t\t\t<section class=\"elementor-section elementor-top-section elementor-element elementor-element-947808c elementor-section-full_width elementor-section-height-default elementor-section-height-default\" data-id=\"947808c\" data-element_type=\"section\" data-settings=\"{&quot;background_background&quot;:&quot;classic&quot;}\">\n\t\t\t\t\t\t\t<div class=\"elementor-background-overlay\"><\/div>\n\t\t\t\t\t\t\t<div class=\"elementor-container elementor-column-gap-default\">\n\t\t\t\t\t<div class=\"elementor-column elementor-col-100 elementor-top-column elementor-element elementor-element-3cf8656\" data-id=\"3cf8656\" data-element_type=\"column\">\n\t\t\t<div class=\"elementor-widget-wrap elementor-element-populated\">\n\t\t\t\t\t\t\t\t<div class=\"elementor-element elementor-element-f66efab elementor-widget elementor-widget-heading\" data-id=\"f66efab\" data-element_type=\"widget\" data-widget_type=\"heading.default\">\n\t\t\t\t<div class=\"elementor-widget-container\">\n\t\t\t<h2 class=\"elementor-heading-title elementor-size-default\">Mission, Vision, and Values<\/h2>\t\t<\/div>\n\t\t\t\t<\/div>\n\t\t\t\t<div class=\"elementor-element elementor-element-adf1c8c elementor-widget elementor-widget-text-editor\" data-id=\"adf1c8c\" data-element_type=\"widget\" data-widget_type=\"text-editor.default\">\n\t\t\t\t<div class=\"elementor-widget-container\">\n\t\t\t\t\t\t\t<h2><span style=\"text-decoration: underline;\"><strong>MISSION<\/strong><\/span><\/h2><p>Brindar a nuestros clientes productos y servicios modernos, pr\u00e1cticos y vers\u00e1tiles, adecuados con la realidad imperante.\u00a0<\/p><h2><span style=\"text-decoration: underline;\"><strong>VISION<\/strong><\/span><\/h2><p>To become the most reliable and prestigious marketer of products and services in Latin America, resolving the requirements of our clients creatively and adequately.<\/p><h2><span style=\"text-decoration: underline;\"><strong>VALUES<\/strong><\/span><\/h2><p>Respect-Honesty-Vocation of service<\/p>\t\t\t\t\t\t<\/div>\n\t\t\t\t<\/div>\n\t\t\t\t\t<\/div>\n\t\t<\/div>\n\t\t\t\t\t\t\t<\/div>\n\t\t<\/section>\n\t\t\t\t\t\t<\/div>\n\t\t\t\t\t<\/div>","protected":false},"excerpt":{"rendered":"<p>SOBRE DISRUP \u00bfQUI\u00c9NES SOMOS? DisRup es una compa\u00f1\u00eda de comercializaci\u00f3n de empaques flexibles 100% org\u00e1nicos, sustitos del pl\u00e1stico. Ubicados en Costa Rica y con capacidad de exportaci\u00f3n a m\u00faltiples regiones. Brindamos asesor\u00eda especializada en idioma espa\u00f1ol e ingl\u00e9s para comprar empaques flexibles org\u00e1nicos. DisRup se encuentra en proceso de certificaci\u00f3n internacional ISO 14001:2015. Y cuenta [&hellip;]<\/p>","protected":false},"author":4,"featured_media":0,"parent":0,"menu_order":0,"comment_status":"closed","ping_status":"closed","template":"","meta":[],"yoast_head":"<!-- This site is optimized with the Yoast SEO Premium plugin v17.4 (Yoast SEO v17.4) - https:\/\/yoast.com\/wordpress\/plugins\/seo\/ -->\n<title>Sobre Disrup - Disrup<\/title>\n<meta name=\"robots\" content=\"index, follow, max-snippet:-1, max-image-preview:large, max-video-preview:-1\" \/>\n<link rel=\"canonical\" href=\"https:\/\/disrupgreen.com\/en\/sobre-disrup\/\" \/>\n<meta property=\"og:locale\" content=\"en_US\" \/>\n<meta property=\"og:type\" content=\"article\" \/>\n<meta property=\"og:title\" content=\"Sobre Disrup\" \/>\n<meta property=\"og:description\" content=\"SOBRE DISRUP \u00bfQUI\u00c9NES SOMOS? DisRup es una compa\u00f1\u00eda de comercializaci\u00f3n de empaques flexibles 100% org\u00e1nicos, sustitos del pl\u00e1stico. Ubicados en Costa Rica y con capacidad de exportaci\u00f3n a m\u00faltiples regiones. Brindamos asesor\u00eda especializada en idioma espa\u00f1ol e ingl\u00e9s para comprar empaques flexibles org\u00e1nicos. DisRup se encuentra en proceso de certificaci\u00f3n internacional ISO 14001:2015. Y cuenta [&hellip;]\" \/>\n<meta property=\"og:url\" content=\"https:\/\/disrupgreen.com\/en\/sobre-disrup\/\" \/>\n<meta property=\"og:site_name\" content=\"Disrup\" \/>\n<meta property=\"article:modified_time\" content=\"2022-02-03T17:56:32+00:00\" \/>\n<meta property=\"og:image\" content=\"https:\/\/disrupgreen.com\/wp-content\/uploads\/2021\/10\/1_0003_Capa-1.png\" \/>\n<meta name=\"twitter:card\" content=\"summary_large_image\" \/>\n<meta name=\"twitter:label1\" content=\"Est. reading time\" \/>\n\t<meta name=\"twitter:data1\" content=\"2 minutes\" \/>\n<script type=\"application\/ld+json\" class=\"yoast-schema-graph\">{\"@context\":\"https:\/\/schema.org\",\"@graph\":[{\"@type\":\"WebSite\",\"@id\":\"https:\/\/disrupgreen.com\/#website\",\"url\":\"https:\/\/disrupgreen.com\/\",\"name\":\"Disrup\",\"description\":\"Disrup\",\"potentialAction\":[{\"@type\":\"SearchAction\",\"target\":{\"@type\":\"EntryPoint\",\"urlTemplate\":\"https:\/\/disrupgreen.com\/?s={search_term_string}\"},\"query-input\":\"required name=search_term_string\"}],\"inLanguage\":\"en-US\"},{\"@type\":\"ImageObject\",\"@id\":\"https:\/\/disrupgreen.com\/sobre-disrup\/#primaryimage\",\"inLanguage\":\"en-US\",\"url\":\"https:\/\/disrupgreen.com\/wp-content\/uploads\/2021\/10\/1_0003_Capa-1.png\",\"contentUrl\":\"https:\/\/disrupgreen.com\/wp-content\/uploads\/2021\/10\/1_0003_Capa-1.png\",\"width\":278,\"height\":74},{\"@type\":\"WebPage\",\"@id\":\"https:\/\/disrupgreen.com\/sobre-disrup\/#webpage\",\"url\":\"https:\/\/disrupgreen.com\/sobre-disrup\/\",\"name\":\"Sobre Disrup - Disrup\",\"isPartOf\":{\"@id\":\"https:\/\/disrupgreen.com\/#website\"},\"primaryImageOfPage\":{\"@id\":\"https:\/\/disrupgreen.com\/sobre-disrup\/#primaryimage\"},\"datePublished\":\"2021-08-25T02:29:26+00:00\",\"dateModified\":\"2022-02-03T17:56:32+00:00\",\"breadcrumb\":{\"@id\":\"https:\/\/disrupgreen.com\/sobre-disrup\/#breadcrumb\"},\"inLanguage\":\"en-US\",\"potentialAction\":[{\"@type\":\"ReadAction\",\"target\":[\"https:\/\/disrupgreen.com\/sobre-disrup\/\"]}]},{\"@type\":\"BreadcrumbList\",\"@id\":\"https:\/\/disrupgreen.com\/sobre-disrup\/#breadcrumb\",\"itemListElement\":[{\"@type\":\"ListItem\",\"position\":1,\"name\":\"Home\",\"item\":\"https:\/\/disrupgreen.com\/\"},{\"@type\":\"ListItem\",\"position\":2,\"name\":\"Sobre Disrup\"}]}]}<\/script>\n<!-- \/ Yoast SEO Premium plugin. -->","yoast_head_json":{"title":"Sobre Disrup - Disrup","robots":{"index":"index","follow":"follow","max-snippet":"max-snippet:-1","max-image-preview":"max-image-preview:large","max-video-preview":"max-video-preview:-1"},"canonical":"https:\/\/disrupgreen.com\/en\/sobre-disrup\/","og_locale":"en_US","og_type":"article","og_title":"Sobre Disrup","og_description":"SOBRE DISRUP \u00bfQUI\u00c9NES SOMOS? DisRup es una compa\u00f1\u00eda de comercializaci\u00f3n de empaques flexibles 100% org\u00e1nicos, sustitos del pl\u00e1stico. Ubicados en Costa Rica y con capacidad de exportaci\u00f3n a m\u00faltiples regiones. Brindamos asesor\u00eda especializada en idioma espa\u00f1ol e ingl\u00e9s para comprar empaques flexibles org\u00e1nicos. DisRup se encuentra en proceso de certificaci\u00f3n internacional ISO 14001:2015. Y cuenta [&hellip;]","og_url":"https:\/\/disrupgreen.com\/en\/sobre-disrup\/","og_site_name":"Disrup","article_modified_time":"2022-02-03T17:56:32+00:00","og_image":[{"url":"https:\/\/disrupgreen.com\/wp-content\/uploads\/2021\/10\/1_0003_Capa-1.png"}],"twitter_card":"summary_large_image","twitter_misc":{"Est. reading time":"2 minutes"},"schema":{"@context":"https:\/\/schema.org","@graph":[{"@type":"WebSite","@id":"https:\/\/disrupgreen.com\/#website","url":"https:\/\/disrupgreen.com\/","name":"Disrup","description":"Disrup","potentialAction":[{"@type":"SearchAction","target":{"@type":"EntryPoint","urlTemplate":"https:\/\/disrupgreen.com\/?s={search_term_string}"},"query-input":"required name=search_term_string"}],"inLanguage":"en-US"},{"@type":"ImageObject","@id":"https:\/\/disrupgreen.com\/sobre-disrup\/#primaryimage","inLanguage":"en-US","url":"https:\/\/disrupgreen.com\/wp-content\/uploads\/2021\/10\/1_0003_Capa-1.png","contentUrl":"https:\/\/disrupgreen.com\/wp-content\/uploads\/2021\/10\/1_0003_Capa-1.png","width":278,"height":74},{"@type":"WebPage","@id":"https:\/\/disrupgreen.com\/sobre-disrup\/#webpage","url":"https:\/\/disrupgreen.com\/sobre-disrup\/","name":"Sobre Disrup - Disrup","isPartOf":{"@id":"https:\/\/disrupgreen.com\/#website"},"primaryImageOfPage":{"@id":"https:\/\/disrupgreen.com\/sobre-disrup\/#primaryimage"},"datePublished":"2021-08-25T02:29:26+00:00","dateModified":"2022-02-03T17:56:32+00:00","breadcrumb":{"@id":"https:\/\/disrupgreen.com\/sobre-disrup\/#breadcrumb"},"inLanguage":"en-US","potentialAction":[{"@type":"ReadAction","target":["https:\/\/disrupgreen.com\/sobre-disrup\/"]}]},{"@type":"BreadcrumbList","@id":"https:\/\/disrupgreen.com\/sobre-disrup\/#breadcrumb","itemListElement":[{"@type":"ListItem","position":1,"name":"Home","item":"https:\/\/disrupgreen.com\/"},{"@type":"ListItem","position":2,"name":"Sobre Disrup"}]}]}},"_links":{"self":[{"href":"https:\/\/disrupgreen.com\/en\/wp-json\/wp\/v2\/pages\/161"}],"collection":[{"href":"https:\/\/disrupgreen.com\/en\/wp-json\/wp\/v2\/pages"}],"about":[{"href":"https:\/\/disrupgreen.com\/en\/wp-json\/wp\/v2\/types\/page"}],"author":[{"embeddable":true,"href":"https:\/\/disrupgreen.com\/en\/wp-json\/wp\/v2\/users\/4"}],"replies":[{"embeddable":true,"href":"https:\/\/disrupgreen.com\/en\/wp-json\/wp\/v2\/comments?post=161"}],"version-history":[{"count":16,"href":"https:\/\/disrupgreen.com\/en\/wp-json\/wp\/v2\/pages\/161\/revisions"}],"predecessor-version":[{"id":5741,"href":"https:\/\/disrupgreen.com\/en\/wp-json\/wp\/v2\/pages\/161\/revisions\/5741"}],"wp:attachment":[{"href":"https:\/\/disrupgreen.com\/en\/wp-json\/wp\/v2\/media?parent=161"}],"curies":[{"name":"wp","href":"https:\/\/api.w.org\/{rel}","templated":true}]}}